{"id":31144,"date":"2019-03-27T21:08:07","date_gmt":"2019-03-27T12:08:07","guid":{"rendered":"http:\/\/kir112712.kir.jp\/kougeihin.jp\/?page_id=31144"},"modified":"2020-03-25T14:37:28","modified_gmt":"2020-03-25T05:37:28","slug":"learn","status":"publish","type":"page","link":"https:\/\/kougeihin.jp\/es\/learn\/","title":{"rendered":"Artesan\u00eda tradicional"},"content":{"rendered":"","protected":false},"excerpt":{"rendered":"<p>Puede buscar artesan\u00eda tradicional por regi\u00f3n, industria, etc.<\/p>\n","protected":false},"author":1,"featured_media":0,"parent":0,"menu_order":19,"comment_status":"closed","ping_status":"closed","template":"page-learn.php","meta":{"_acf_changed":false,"footnotes":""},"class_list":["post-31144","page","type-page","status-publish","hentry"],"acf":[],"aioseo_notices":[],"publishpress_future_action":{"enabled":false,"date":"2026-04-17 20:14:35","action":"change-status","newStatus":"draft","terms":[],"taxonomy":"","extraData":[]},"publishpress_future_workflow_manual_trigger":{"enabledWorkflows":[]},"_links":{"self":[{"href":"https:\/\/kougeihin.jp\/es\/wp-json\/wp\/v2\/pages\/31144","targetHints":{"allow":["GET"]}}],"collection":[{"href":"https:\/\/kougeihin.jp\/es\/wp-json\/wp\/v2\/pages"}],"about":[{"href":"https:\/\/kougeihin.jp\/es\/wp-json\/wp\/v2\/types\/page"}],"author":[{"embeddable":true,"href":"https:\/\/kougeihin.jp\/es\/wp-json\/wp\/v2\/users\/1"}],"replies":[{"embeddable":true,"href":"https:\/\/kougeihin.jp\/es\/wp-json\/wp\/v2\/comments?post=31144"}],"version-history":[{"count":0,"href":"https:\/\/kougeihin.jp\/es\/wp-json\/wp\/v2\/pages\/31144\/revisions"}],"wp:attachment":[{"href":"https:\/\/kougeihin.jp\/es\/wp-json\/wp\/v2\/media?parent=31144"}],"curies":[{"name":"wp","href":"https:\/\/api.w.org\/{rel}","templated":true}]}}